{"id":2435,"date":"2022-02-07T05:30:09","date_gmt":"2022-02-07T04:30:09","guid":{"rendered":"https:\/\/captainandy.co\/?page_id=2435"},"modified":"2022-04-07T09:05:04","modified_gmt":"2022-04-07T07:05:04","slug":"ksiazki","status":"publish","type":"page","link":"https:\/\/captainandy.co\/pl\/ksiazki\/","title":{"rendered":"\u017bYCIE MI\u0141O\u015a\u0106 WOLNO\u015a\u0106"},"content":{"rendered":"\n<h3 id=\"trylogia-odslona-pierwsza-nazywam-sie-zycie\">Trylogia &#8211; ods\u0142ona pierwsza &#8220;Nazywam si\u0119 \u017bYCIE&#8221;<\/h3>\n\n\n\n<p>Pasjonuj\u0105ca historia cz\u0142owieka, kt\u00f3ry spe\u0142nia swoje marzenia. Ca\u0142kowicie autentyczna, cho\u0107 czasem wr\u0119cz niewiarygodna opowie\u015b\u0107 o ch\u0142opaku z warszawskiej ulicy Chmielnej, kt\u00f3ry wyrusza w podr\u00f3\u017c przez \u017cycie. Staje si\u0119 \u015bwiadkiem i aktywnym uczestnikiem wydarze\u0144 prowadz\u0105cych do upadku komunizmu i poszerzania wolno\u015bci. Jego ksi\u0105\u017cka nie jest jednak autobiografi\u0105 \u2013 opowiada przede wszystkim o rado\u015bci istnienia. Opisuje prawdziwe historie cz\u0142owieka spe\u0142nionego. Inspiruje i zach\u0119ca do tego, \u017ceby \u017cy\u0107, a nie tylko egzystowa\u0107. Autorowi przychodzi to z \u0142atwo\u015bci\u0105 \u2013 jest marzycielem, kt\u00f3ry potrafi swoje marzenia, jak ma\u0142o kto, spe\u0142nia\u0107. Czy poznamy sekret tej skuteczno\u015bci ? Dzi\u0119ki lekturze ksi\u0105\u017cki i my mo\u017cemy wyruszy\u0107 w nieko\u0144cz\u0105c\u0105 si\u0119 podr\u00f3\u017c i poszuka\u0107 w\u0142asnej odpowiedzi. <gwmw style=\"display:none;\"><\/gwmw><\/p>\n\n\n\n<h3 id=\"inspirujace-marzenia\">Inspiruj\u0105ce marzenia<\/h3>\n\n\n\n<p>Z pok\u0142adu jachtu wiele spraw wida\u0107 lepiej i wyra\u017aniej, wszak morze, ocean to przestrze\u0144 nieograniczona ziemskimi troskami i zasadami. Mo\u017ce w\u0142a\u015bnie dlatego potrafi si\u0119 tak intensywnie cieszy\u0107 wspania\u0142o\u015bci\u0105 \u015bwiata. Pisze: \u201eJak wielkim cudem jest byt pojedynczego cz\u0142owieka i jak\u0105 tajemnic\u0105 jeste\u015bmy my \u2013 ludzie, zwierz\u0119ta, czy ro\u015bliny, a nawet planety i gwiazdy. Wszystko jest \u017cyciem, a my jego wspania\u0142\u0105 cz\u0119\u015bci\u0105\u201d.<\/p>\n\n\n\n<p>Ta przygoda zacz\u0119\u0142a si\u0119 \u201eod jednego g\u0142\u0119bokiego marzenia, kt\u00f3re cho\u0107 raz \u017cyciu mamy niemal wszyscy\u201d. On potrafi\u0142 zmieni\u0107 swoje marzenia w rzeczywisto\u015b\u0107, a my\u015blenie \u2013 w dzia\u0142anie. Czy nie jest jednak za p\u00f3\u017ano na realizacj\u0119 naszych marze\u0144? Po przeczytaniu tej ksi\u0105\u017cki odpowied\u017a na to wa\u017cne pytanie jest du\u017co \u0142atwiejsza.<\/p>\n\n\n\n<h3 id=\"inspirujace-marzenia\">Za horyzontem<\/h3>\n\n\n\n<p>W przysz\u0142o\u015bci pierwsz\u0105 cz\u0119\u015b\u0107 trylogii, ksi\u0105\u017ck\u0119 &#8220;Nazywam si\u0119 \u017bYCIE&#8221; uzupe\u0142ni druga: &#8220;Nazywam si\u0119 MI\u0141O\u015a\u0106&#8221; oraz trzecia i ostatnia &#8220;Nazywam si\u0119 WOLNO\u015a\u0106&#8221;. Najpi\u0119kniejsza przygoda czeka na nas wci\u0105\u017c za horyzontem.<gwmw style=\"display:none;\"><\/p>\n\n\n\n<div style=\"height:100px\" aria-hidden=\"true\" class=\"wp-block-spacer\"><\/div>\n\n\n<div data-block-name=\"woocommerce\/handpicked-products\" data-content-visibility=\"{&quot;title&quot;:true,&quot;price&quot;:true,&quot;rating&quot;:true,&quot;button&quot;:true}\" data-orderby=\"menu_order\" data-products=\"[2451,3629,2856,3612,2857]\" class=\"wc-block-grid wp-block-handpicked-products wc-block-handpicked-products has-3-columns has-multiple-rows\"><ul class=\"wc-block-grid__products\"><li class=\"wc-block-grid__product\">\n\t\t\t\t<a href=\"https:\/\/captainandy.co\/pl\/produkt\/ksiazka-nazywam-sie-zycie\/\" class=\"wc-block-grid__product-link\">\n\t\t\t\t\t<div class=\"wc-block-grid__product-image\"><img width=\"300\" height=\"300\" src=\"https:\/\/captainandy.co\/wp-content\/uploads\/2022\/02\/ksiazka-300x300.jpg\" class=\"attachment-woocommerce_thumbnail size-woocommerce_thumbnail\" alt=\"Ksi\u0105\u017cka &quot;Nazywam si\u0119 \u017bYCIE&quot;\" loading=\"lazy\" srcset=\"https:\/\/captainandy.co\/wp-content\/uploads\/2022\/02\/ksiazka-300x300.jpg 300w, https:\/\/captainandy.co\/wp-content\/uploads\/2022\/02\/ksiazka-150x150.jpg 150w, https:\/\/captainandy.co\/wp-content\/uploads\/2022\/02\/ksiazka-768x768.jpg 768w, https:\/\/captainandy.co\/wp-content\/uploads\/2022\/02\/ksiazka-600x600.jpg 600w, https:\/\/captainandy.co\/wp-content\/uploads\/2022\/02\/ksiazka-100x100.jpg 100w, https:\/\/captainandy.co\/wp-content\/uploads\/2022\/02\/ksiazka.jpg 1024w\" sizes=\"(max-width: 300px) 100vw, 300px\" \/><\/div>\n\t\t\t\t\t<div class=\"wc-block-grid__product-title\">Ksi\u0105\u017cka &#8220;Nazywam si\u0119 \u017bYCIE&#8221;<\/div>\n\t\t\t\t<\/a>\n\t\t\t\t\n\t\t\t\t<div class=\"wc-block-grid__product-price price\"><span class=\"woocs_price_code\" data-product-id=\"3612\"><span class=\"woocommerce-Price-amount amount\"><span class=\"woocommerce-Price-currencySymbol\">&pound;<\/span>15.99<\/span><\/span><\/div>\n\t\t\t\t\n\t\t\t\t<div class=\"wp-block-button wc-block-grid__product-add-to-cart\"><a href=\"?add-to-cart=3612\" aria-label=\"Dodaj &bdquo;Ksi\u0105\u017cka &quot;Nazywam si\u0119 \u017bYCIE&quot;&rdquo; do koszyka\" data-quantity=\"1\" data-product_id=\"3612\" data-product_sku=\"10001\" rel=\"nofollow\" class=\"wp-block-button__link add_to_cart_button ajax_add_to_cart\">Dodaj do koszyka<\/a><\/div>\n\t\t\t<\/li>\t\t\t<meta input type=\"hidden\" class=\"wpmProductId\" data-id=\"3612\">\n\t\t\t\t\t<script>\n\t\t\t(window.wpmDataLayer = window.wpmDataLayer || {}).products             = window.wpmDataLayer.products || {}\n\t\t\twindow.wpmDataLayer.products[3612] = {\"id\":\"3612\",\"sku\":\"10001\",\"price\":15.99,\"brand\":\"\",\"quantity\":1,\"dyn_r_ids\":{\"post_id\":\"3612\",\"sku\":\"10001\",\"gpf\":\"woocommerce_gpf_3612\",\"gla\":\"gla_3612\"},\"isVariable\":false,\"name\":\"Ksi\u0105\u017cka \\\"Nazywam si\u0119 \u017bYCIE\\\"\",\"category\":[\"Bez kategorii\"],\"isVariation\":false};\n\t\t\t\t\twindow.wpmDataLayer.products[3612]['position'] = window.wpmDataLayer.position++\n\t\t\t\t<\/script>\n\t\t<li class=\"wc-block-grid__product\">\n\t\t\t\t<a href=\"https:\/\/captainandy.co\/pl\/produkt\/ebook-nazywam-sie-zycie\/\" class=\"wc-block-grid__product-link\">\n\t\t\t\t\t<div class=\"wc-block-grid__product-image\"><img width=\"300\" height=\"300\" src=\"https:\/\/captainandy.co\/wp-content\/uploads\/2022\/03\/ebook_cover_pl-300x300.jpg\" class=\"attachment-woocommerce_thumbnail size-woocommerce_thumbnail\" alt=\"eBook &quot;Nazywam si\u0119 \u017bYCIE&quot;\" loading=\"lazy\" srcset=\"https:\/\/captainandy.co\/wp-content\/uploads\/2022\/03\/ebook_cover_pl-300x300.jpg 300w, https:\/\/captainandy.co\/wp-content\/uploads\/2022\/03\/ebook_cover_pl-1024x1024.jpg 1024w, https:\/\/captainandy.co\/wp-content\/uploads\/2022\/03\/ebook_cover_pl-150x150.jpg 150w, https:\/\/captainandy.co\/wp-content\/uploads\/2022\/03\/ebook_cover_pl-768x768.jpg 768w, https:\/\/captainandy.co\/wp-content\/uploads\/2022\/03\/ebook_cover_pl-600x600.jpg 600w, https:\/\/captainandy.co\/wp-content\/uploads\/2022\/03\/ebook_cover_pl-100x100.jpg 100w, https:\/\/captainandy.co\/wp-content\/uploads\/2022\/03\/ebook_cover_pl.jpg 1296w\" sizes=\"(max-width: 300px) 100vw, 300px\" \/><\/div>\n\t\t\t\t\t<div class=\"wc-block-grid__product-title\">eBook &#8220;Nazywam si\u0119 \u017bYCIE&#8221;<\/div>\n\t\t\t\t<\/a>\n\t\t\t\t\n\t\t\t\t<div class=\"wc-block-grid__product-price price\"><span class=\"woocs_price_code\" data-product-id=\"3629\"><span class=\"woocommerce-Price-amount amount\"><span class=\"woocommerce-Price-currencySymbol\">&pound;<\/span>5.99<\/span><\/span><\/div>\n\t\t\t\t\n\t\t\t\t<div class=\"wp-block-button wc-block-grid__product-add-to-cart\"><a href=\"?add-to-cart=3629\" aria-label=\"Dodaj &bdquo;eBook &quot;Nazywam si\u0119 \u017bYCIE&quot;&rdquo; do koszyka\" data-quantity=\"1\" data-product_id=\"3629\" data-product_sku=\"\" rel=\"nofollow\" class=\"wp-block-button__link add_to_cart_button ajax_add_to_cart\">Dodaj do koszyka<\/a><\/div>\n\t\t\t<\/li>\t\t\t<meta input type=\"hidden\" class=\"wpmProductId\" data-id=\"3629\">\n\t\t\t\t\t<script>\n\t\t\t(window.wpmDataLayer = window.wpmDataLayer || {}).products             = window.wpmDataLayer.products || {}\n\t\t\twindow.wpmDataLayer.products[3629] = {\"id\":\"3629\",\"sku\":\"\",\"price\":5.99,\"brand\":\"\",\"quantity\":1,\"dyn_r_ids\":{\"post_id\":\"3629\",\"sku\":3629,\"gpf\":\"woocommerce_gpf_3629\",\"gla\":\"gla_3629\"},\"isVariable\":false,\"name\":\"eBook \\\"Nazywam si\u0119 \u017bYCIE\\\"\",\"category\":[\"eBook\"],\"isVariation\":false};\n\t\t\t\t\twindow.wpmDataLayer.products[3629]['position'] = window.wpmDataLayer.position++\n\t\t\t\t<\/script>\n\t\t<li class=\"wc-block-grid__product\">\n\t\t\t\t<a href=\"https:\/\/captainandy.co\/pl\/produkt\/nazywam-sie-zycie-audiobook\/\" class=\"wc-block-grid__product-link\">\n\t\t\t\t\t<div class=\"wc-block-grid__product-image\"><img width=\"300\" height=\"300\" src=\"https:\/\/captainandy.co\/wp-content\/uploads\/2016\/11\/ANDY_okladka_V2_OK_audiobook-300x300.jpg\" class=\"attachment-woocommerce_thumbnail size-woocommerce_thumbnail\" alt=\"Audiobook &quot;Nazywam si\u0119 \u017bYCIE&quot;\" loading=\"lazy\" srcset=\"https:\/\/captainandy.co\/wp-content\/uploads\/2016\/11\/ANDY_okladka_V2_OK_audiobook-300x300.jpg 300w, https:\/\/captainandy.co\/wp-content\/uploads\/2016\/11\/ANDY_okladka_V2_OK_audiobook-150x150.jpg 150w, https:\/\/captainandy.co\/wp-content\/uploads\/2016\/11\/ANDY_okladka_V2_OK_audiobook-100x100.jpg 100w, https:\/\/captainandy.co\/wp-content\/uploads\/2016\/11\/ANDY_okladka_V2_OK_audiobook.jpg 600w\" sizes=\"(max-width: 300px) 100vw, 300px\" \/><\/div>\n\t\t\t\t\t<div class=\"wc-block-grid__product-title\">Audiobook &#8220;Nazywam si\u0119 \u017bYCIE&#8221;<\/div>\n\t\t\t\t<\/a>\n\t\t\t\t\n\t\t\t\t<div class=\"wc-block-grid__product-price price\"><span class=\"woocs_price_code\" data-product-id=\"2451\"><span class=\"woocommerce-Price-amount amount\"><span class=\"woocommerce-Price-currencySymbol\">&pound;<\/span>7.99<\/span><\/span><\/div>\n\t\t\t\t\n\t\t\t\t<div class=\"wp-block-button wc-block-grid__product-add-to-cart\"><a href=\"https:\/\/audioteka.com\/pl\/audiobook\/nazywam-sie-zycie\" aria-label=\"Kup audiobooka\" data-quantity=\"1\" data-product_id=\"2451\" data-product_sku=\"\" rel=\"nofollow\" class=\"wp-block-button__link add_to_cart_button\">Kup audiobooka<\/a><\/div>\n\t\t\t<\/li>\t\t\t<meta input type=\"hidden\" class=\"wpmProductId\" data-id=\"2451\">\n\t\t\t\t\t<script>\n\t\t\t(window.wpmDataLayer = window.wpmDataLayer || {}).products             = window.wpmDataLayer.products || {}\n\t\t\twindow.wpmDataLayer.products[2451] = {\"id\":\"2451\",\"sku\":\"\",\"price\":7.99,\"brand\":\"\",\"quantity\":1,\"dyn_r_ids\":{\"post_id\":\"2451\",\"sku\":2451,\"gpf\":\"woocommerce_gpf_2451\",\"gla\":\"gla_2451\"},\"isVariable\":false,\"name\":\"Audiobook \\\"Nazywam si\u0119 \u017bYCIE\\\"\",\"category\":[\"Audiobook\",\"J\u0119zyk polski\"],\"isVariation\":false};\n\t\t\t\t\twindow.wpmDataLayer.products[2451]['position'] = window.wpmDataLayer.position++\n\t\t\t\t<\/script>\n\t\t<li class=\"wc-block-grid__product\">\n\t\t\t\t<a href=\"https:\/\/captainandy.co\/pl\/produkt\/ksiazka-my-name-is-life\/\" class=\"wc-block-grid__product-link\">\n\t\t\t\t\t<div class=\"wc-block-grid__product-image\"><img width=\"300\" height=\"300\" src=\"https:\/\/captainandy.co\/wp-content\/uploads\/2022\/02\/my_name_is_life_en-300x300.png\" class=\"attachment-woocommerce_thumbnail size-woocommerce_thumbnail\" alt=\"Ksi\u0105\u017cka &quot;My name is LIFE&quot;\" loading=\"lazy\" srcset=\"https:\/\/captainandy.co\/wp-content\/uploads\/2022\/02\/my_name_is_life_en-300x300.png 300w, https:\/\/captainandy.co\/wp-content\/uploads\/2022\/02\/my_name_is_life_en-150x150.png 150w, https:\/\/captainandy.co\/wp-content\/uploads\/2022\/02\/my_name_is_life_en-768x768.png 768w, https:\/\/captainandy.co\/wp-content\/uploads\/2022\/02\/my_name_is_life_en-600x600.png 600w, https:\/\/captainandy.co\/wp-content\/uploads\/2022\/02\/my_name_is_life_en-100x100.png 100w, https:\/\/captainandy.co\/wp-content\/uploads\/2022\/02\/my_name_is_life_en.png 1024w\" sizes=\"(max-width: 300px) 100vw, 300px\" \/><\/div>\n\t\t\t\t\t<div class=\"wc-block-grid__product-title\">Ksi\u0105\u017cka &#8220;My name is LIFE&#8221;<\/div>\n\t\t\t\t<\/a>\n\t\t\t\t\n\t\t\t\t<div class=\"wc-block-grid__product-price price\"><span class=\"woocs_price_code\" data-product-id=\"2856\"><span class=\"woocommerce-Price-amount amount\"><span class=\"woocommerce-Price-currencySymbol\">&pound;<\/span>15.99<\/span><\/span><\/div>\n\t\t\t\t\n\t\t\t\t<div class=\"wp-block-button wc-block-grid__product-add-to-cart\"><a href=\"?add-to-cart=2856\" aria-label=\"Dodaj &bdquo;Ksi\u0105\u017cka &quot;My name is LIFE&quot;&rdquo; do koszyka\" data-quantity=\"1\" data-product_id=\"2856\" data-product_sku=\"10003\" rel=\"nofollow\" class=\"wp-block-button__link add_to_cart_button ajax_add_to_cart\">Dodaj do koszyka<\/a><\/div>\n\t\t\t<\/li>\t\t\t<meta input type=\"hidden\" class=\"wpmProductId\" data-id=\"2856\">\n\t\t\t\t\t<script>\n\t\t\t(window.wpmDataLayer = window.wpmDataLayer || {}).products             = window.wpmDataLayer.products || {}\n\t\t\twindow.wpmDataLayer.products[2856] = {\"id\":\"2856\",\"sku\":\"10003\",\"price\":15.99,\"brand\":\"\",\"quantity\":1,\"dyn_r_ids\":{\"post_id\":\"2856\",\"sku\":\"10003\",\"gpf\":\"woocommerce_gpf_2856\",\"gla\":\"gla_2856\"},\"isVariable\":false,\"name\":\"Ksi\u0105\u017cka \\\"My name is LIFE\\\"\",\"category\":[\"Bez kategorii\"],\"isVariation\":false};\n\t\t\t\t\twindow.wpmDataLayer.products[2856]['position'] = window.wpmDataLayer.position++\n\t\t\t\t<\/script>\n\t\t<li class=\"wc-block-grid__product\">\n\t\t\t\t<a href=\"https:\/\/captainandy.co\/pl\/produkt\/ebook-my-name-is-life\/\" class=\"wc-block-grid__product-link\">\n\t\t\t\t\t<div class=\"wc-block-grid__product-image\"><img width=\"300\" height=\"300\" src=\"https:\/\/captainandy.co\/wp-content\/uploads\/2022\/02\/ebook_cover_en-300x300.jpg\" class=\"attachment-woocommerce_thumbnail size-woocommerce_thumbnail\" alt=\"eBook &quot;My name is LIFE&quot;\" loading=\"lazy\" srcset=\"https:\/\/captainandy.co\/wp-content\/uploads\/2022\/02\/ebook_cover_en-300x300.jpg 300w, https:\/\/captainandy.co\/wp-content\/uploads\/2022\/02\/ebook_cover_en-1024x1024.jpg 1024w, https:\/\/captainandy.co\/wp-content\/uploads\/2022\/02\/ebook_cover_en-150x150.jpg 150w, https:\/\/captainandy.co\/wp-content\/uploads\/2022\/02\/ebook_cover_en-768x768.jpg 768w, https:\/\/captainandy.co\/wp-content\/uploads\/2022\/02\/ebook_cover_en-600x600.jpg 600w, https:\/\/captainandy.co\/wp-content\/uploads\/2022\/02\/ebook_cover_en-100x100.jpg 100w, https:\/\/captainandy.co\/wp-content\/uploads\/2022\/02\/ebook_cover_en.jpg 1296w\" sizes=\"(max-width: 300px) 100vw, 300px\" \/><\/div>\n\t\t\t\t\t<div class=\"wc-block-grid__product-title\">eBook &#8220;My name is LIFE&#8221;<\/div>\n\t\t\t\t<\/a>\n\t\t\t\t\n\t\t\t\t<div class=\"wc-block-grid__product-price price\"><span class=\"woocs_price_code\" data-product-id=\"2857\"><span class=\"woocommerce-Price-amount amount\"><span class=\"woocommerce-Price-currencySymbol\">&pound;<\/span>5.99<\/span><\/span><\/div>\n\t\t\t\t\n\t\t\t\t<div class=\"wp-block-button wc-block-grid__product-add-to-cart\"><a href=\"?add-to-cart=2857\" aria-label=\"Dodaj &bdquo;eBook &quot;My name is LIFE&quot;&rdquo; do koszyka\" data-quantity=\"1\" data-product_id=\"2857\" data-product_sku=\"\" rel=\"nofollow\" class=\"wp-block-button__link add_to_cart_button ajax_add_to_cart\">Dodaj do koszyka<\/a><\/div>\n\t\t\t<\/li>\t\t\t<meta input type=\"hidden\" class=\"wpmProductId\" data-id=\"2857\">\n\t\t\t\t\t<script>\n\t\t\t(window.wpmDataLayer = window.wpmDataLayer || {}).products             = window.wpmDataLayer.products || {}\n\t\t\twindow.wpmDataLayer.products[2857] = {\"id\":\"2857\",\"sku\":\"\",\"price\":5.99,\"brand\":\"\",\"quantity\":1,\"dyn_r_ids\":{\"post_id\":\"2857\",\"sku\":2857,\"gpf\":\"woocommerce_gpf_2857\",\"gla\":\"gla_2857\"},\"isVariable\":false,\"name\":\"eBook \\\"My name is LIFE\\\"\",\"category\":[\"eBook\"],\"isVariation\":false};\n\t\t\t\t\twindow.wpmDataLayer.products[2857]['position'] = window.wpmDataLayer.position++\n\t\t\t\t<\/script>\n\t\t<\/ul><\/div>","protected":false},"excerpt":{"rendered":"<p>Trylogia &#8211; ods\u0142ona pierwsza &#8220;Nazywam si\u0119 \u017bYCIE&#8221; Pasjonuj\u0105ca historia cz\u0142owieka, kt\u00f3ry spe\u0142nia swoje marzenia. Ca\u0142kowicie autentyczna, cho\u0107 czasem wr\u0119cz niewiarygodna opowie\u015b\u0107 o ch\u0142opaku z warszawskiej ulicy Chmielnej, kt\u00f3ry wyrusza w podr\u00f3\u017c przez \u017cycie. Staje si\u0119 \u015bwiadkiem i aktywnym uczestnikiem wydarze\u0144&#8230;<\/p>\n","protected":false},"author":1,"featured_media":0,"parent":0,"menu_order":0,"comment_status":"closed","ping_status":"closed","template":"page-landing.php","meta":{"inline_featured_image":false},"acf":[],"_links":{"self":[{"href":"https:\/\/captainandy.co\/pl\/wp-json\/wp\/v2\/pages\/2435"}],"collection":[{"href":"https:\/\/captainandy.co\/pl\/wp-json\/wp\/v2\/pages"}],"about":[{"href":"https:\/\/captainandy.co\/pl\/wp-json\/wp\/v2\/types\/page"}],"author":[{"embeddable":true,"href":"https:\/\/captainandy.co\/pl\/wp-json\/wp\/v2\/users\/1"}],"replies":[{"embeddable":true,"href":"https:\/\/captainandy.co\/pl\/wp-json\/wp\/v2\/comments?post=2435"}],"version-history":[{"count":18,"href":"https:\/\/captainandy.co\/pl\/wp-json\/wp\/v2\/pages\/2435\/revisions"}],"predecessor-version":[{"id":3658,"href":"https:\/\/captainandy.co\/pl\/wp-json\/wp\/v2\/pages\/2435\/revisions\/3658"}],"wp:attachment":[{"href":"https:\/\/captainandy.co\/pl\/wp-json\/wp\/v2\/media?parent=2435"}],"curies":[{"name":"wp","href":"https:\/\/api.w.org\/{rel}","templated":true}]}}