{"id":2477,"date":"2022-02-07T15:15:24","date_gmt":"2022-02-07T14:15:24","guid":{"rendered":"https:\/\/captainandy.co\/?page_id=2477"},"modified":"2025-03-10T23:31:48","modified_gmt":"2025-03-10T22:31:48","slug":"wystapienia-publiczne","status":"publish","type":"page","link":"https:\/\/captainandy.co\/pl\/wystapienia-publiczne\/","title":{"rendered":"Wyst\u0105pienia publiczne"},"content":{"rendered":"\n<div style=\"height:64px\" aria-hidden=\"true\" class=\"wp-block-spacer\"><\/div>\n\n\n\n<figure class=\"wp-block-video\"><video controls poster=\"https:\/\/captainandy.co\/wp-content\/uploads\/2025\/03\/public-speaking-video-cover.jpg\" preload=\"auto\" src=\"https:\/\/captainandy.co\/wp-content\/uploads\/2025\/03\/redpandacompress_CAPTAIN-ANDY-MO\u0301WCA-MOTYWACYJNY.mp4\"><\/video><\/figure>\n\n\n\n<div style=\"height:64px\" aria-hidden=\"true\" class=\"wp-block-spacer\"><\/div>\n\n\n\n<p>ZA\u0141OGA jachtu \u017caglowego to najbardziej naturalny zesp\u00f3\u0142 ludzki, w kt\u00f3rym zasada <strong>\u201cjeden za wszystkich, wszyscy za jednego\u201d<\/strong> nabiera bezpo\u015bredniego znaczenia. Kolejni sternicy obejmuj\u0105c wachty, bior\u0105 do r\u0105k ster, a co za tym idzie dos\u0142own\u0105 odpowiedzialno\u015b\u0107 za bezpiecze\u0144stwo jachtu i \u017cycie za\u0142ogi. Noszenie takich samych koszulek nie czyni jeszcze z grupy ludzi zgranej za\u0142ogi.&nbsp;<\/p>\n\n\n\n<p>Od Kapitana jachtu, ale przede wszystkim od ka\u017cdego z \u017ceglarzy wymagane jest zaanga\u017cowanie, bo najs\u0142absze ogniwo mo\u017ce sta\u0107 si\u0119 tym ostatecznym.&nbsp;<\/p>\n\n\n\n<p>Za\u0142oga ma cel \u2013 doprowadzi\u0107 jacht bezpiecznie do portu. A to wymaga wsp\u00f3\u0142pracy, budowy zaufania i organizacji.\u00a0<gwmw style=\"display:none;\"><\/p>\n\n\n\n<h3 id=\"dlaczego-kapitan\">Dlaczego kapitan?<gwmw style=\"display:none;\"><\/h3>\n\n\n\n<p><strong>Czy rzeczywi\u015bcie mo\u017cemy dowiedzie\u0107 si\u0119 czego\u015b o PRZYW\u00d3DZTWIE od kapitana jachtowego?<\/strong><\/p>\n\n\n\n<p>&nbsp; &nbsp; Kapitan jest uosobieniem przyw\u00f3dcy. Jest jednym z najstarszych wzorc\u00f3w dobrego zarz\u0105dzania. W ko\u0144cu to on jest panem sytuacji na pok\u0142adzie. Bior\u0105c pe\u0142n\u0105 odpowiedzialno\u015b\u0107, to on dowodzi.&nbsp;<\/p>\n\n\n\n<p>Ju\u017c samo angielskie s\u0142owo <strong>PRZYW\u00d3DZTWO<\/strong>, czyli&nbsp; <strong>LEADERSHIP<\/strong> sk\u0142ada si\u0119 z <strong>LEAD<\/strong>, czyli PROWADZI\u0106, albo LEADER, czyli w\u0142a\u015bnie PRZYW\u00d3DCA oraz <strong>SHIP<\/strong>, czyli STATEK!<\/p>\n\n\n\n<p>Podczas swoich wyst\u0119p\u00f3w publicznych i spotka\u0144 online kapitan dzieli si\u0119 swym ogromnym do\u015bwiadczeniem bycia skutecznym liderem, kt\u00f3ry zawsze osi\u0105ga kolejne cele. Cz\u0119sto w dowcipny spos\u00f3b pokazuje na konkretnych przyk\u0142adach najlepsze praktyki i ostrzega przed niebezpiecze\u0144stwami. A przede wszystkim inspiruje i zalewa fal\u0105 pozytywnej energii!<\/p>\n\n\n\n<p>Gotowi na wi\u0119cej? Zatem: <strong>Wszystkie r\u0119ce na pok\u0142ad! P\u0142yniemy!<\/strong><gwmw style=\"display:none;\"><\/p>\n\n\n\n<p> <\/p>\n\n\n\n<h3 id=\"zakres-merytoryczny\">Zakres merytoryczny:<\/h3>\n\n\n\n<p>Wyzwania i odpowiedzialno\u015b\u0107 Za\u0142ogi morskiego jachtu s\u0105 podobne do biznesowych wyzwa\u0144 mened\u017cera i zespo\u0142u w firmie. Kapitan wykorzystuje ogromn\u0105 wiedz\u0119 i do\u015bwiadczenie podczas <strong>wyst\u0105pie\u0144 firmowych oraz online dotycz\u0105cych<\/strong>:<\/p>\n\n\n\n<ul><li><strong>Przyw\u00f3dztwa (Leadership) <\/strong>\u2013 to naturalna domena Kapitana: nawiguje i wyznacza kurs, dba o bezpiecze\u0144stwo, daje przyk\u0142ad poprzez przestrzeganie najlepszych standard\u00f3w oraz utrzymuje wysokie morale i inspiruje.<\/li><li><strong>Budowania zespo\u0142u (Team building)<\/strong> \u2013 Kapitan troszczy&nbsp;si\u0119 o jacht i Za\u0142og\u0119, anga\u017cuj\u0105c j\u0105 w zadania, t\u0142umaczy i komunikuje, pobudza do dzia\u0142ania i wsp\u00f3\u0142pracy pomi\u0119dzy cz\u0142onkami zespo\u0142u. Liczy si\u0119 wysokie morale i efekty pracy.<\/li><li><strong>Zarz\u0105dzania kryzysowego (Crisis management) <\/strong>\u2013 Za\u0142oga sprawdza prognozy, przewiduje problemy i je omija, a gdy si\u0119 jednak pojawi\u0105, wraz z kapitanem podejmuje decyzje. To jednak on bierze na siebie odpowiedzialno\u015b\u0107 za dzia\u0142ania i ich efekty.<\/li><\/ul>\n\n\n\n<h3 id=\"zapraszamy-do-kontaktu-i-rezerwowania-terminu-wystepu\">Zapraszamy do kontaktu i rezerwowania terminu wyst\u0119pu.<\/h3>\n\n\n\n<section class=\"public-speaking-carousel\">\n  <header>\n    <h3 class=\"text-center\">Moi partnerzy<\/h3>\n  <\/header>\n  <div class=\"public-speaking-carousel__container container\">\n    <div class=\"public-speaking-carousel__slider swiper-container\">\n      <div class=\"swiper-wrapper\">\n                <div class=\"public-speaking-carousel__slider__item swiper-slide\">\n          <img class=\"public-speaking-carousel__slider__image\" src=\"https:\/\/captainandy.co\/wp-content\/uploads\/2022\/04\/Wiener-1024x454-1.jpg\" alt=\"\">\n        <\/div>\n                <div class=\"public-speaking-carousel__slider__item swiper-slide\">\n          <img class=\"public-speaking-carousel__slider__image\" src=\"https:\/\/captainandy.co\/wp-content\/uploads\/2022\/04\/USP-Zdrowie-logo.png\" alt=\"\">\n        <\/div>\n                <div class=\"public-speaking-carousel__slider__item swiper-slide\">\n          <img class=\"public-speaking-carousel__slider__image\" src=\"https:\/\/captainandy.co\/wp-content\/uploads\/2025\/03\/captainandy-ing.jpeg\" alt=\"\">\n        <\/div>\n                <div class=\"public-speaking-carousel__slider__item swiper-slide\">\n          <img class=\"public-speaking-carousel__slider__image\" src=\"https:\/\/captainandy.co\/wp-content\/uploads\/2022\/04\/pmk8l0_owxvfyLOGODOZSA.png\" alt=\"\">\n        <\/div>\n                <div class=\"public-speaking-carousel__slider__item swiper-slide\">\n          <img class=\"public-speaking-carousel__slider__image\" src=\"https:\/\/captainandy.co\/wp-content\/uploads\/2022\/04\/Plus-logo-nowe.webp\" alt=\"\">\n        <\/div>\n                <div class=\"public-speaking-carousel__slider__item swiper-slide\">\n          <img class=\"public-speaking-carousel__slider__image\" src=\"https:\/\/captainandy.co\/wp-content\/uploads\/2022\/04\/Microsoft-Logo-History-and-Evolution-Microsoft-Brand.png.webp\" alt=\"\">\n        <\/div>\n                <div class=\"public-speaking-carousel__slider__item swiper-slide\">\n          <img class=\"public-speaking-carousel__slider__image\" src=\"https:\/\/captainandy.co\/wp-content\/uploads\/2022\/04\/glownekonf_1021123576.jpg\" alt=\"\">\n        <\/div>\n                <div class=\"public-speaking-carousel__slider__item swiper-slide\">\n          <img class=\"public-speaking-carousel__slider__image\" src=\"https:\/\/captainandy.co\/wp-content\/uploads\/2022\/04\/city-handlowy-logo.jpg\" alt=\"\">\n        <\/div>\n                <div class=\"public-speaking-carousel__slider__item swiper-slide\">\n          <img class=\"public-speaking-carousel__slider__image\" src=\"https:\/\/captainandy.co\/wp-content\/uploads\/2022\/04\/2044px-Orange_logo.svg.png\" alt=\"\">\n        <\/div>\n                <div class=\"public-speaking-carousel__slider__item swiper-slide\">\n          <img class=\"public-speaking-carousel__slider__image\" src=\"https:\/\/captainandy.co\/wp-content\/uploads\/2022\/04\/IMG_8172.jpg\" alt=\"\">\n        <\/div>\n              <\/div>\n    <\/div>\n  <\/div>\n<\/section>\n\n\n<p><\/p>\n","protected":false},"excerpt":{"rendered":"<p>ZA\u0141OGA jachtu \u017caglowego to najbardziej naturalny zesp\u00f3\u0142 ludzki, w kt\u00f3rym zasada \u201cjeden za wszystkich, wszyscy za jednego\u201d nabiera bezpo\u015bredniego znaczenia. Kolejni sternicy obejmuj\u0105c wachty, bior\u0105 do r\u0105k ster, a co za tym idzie dos\u0142own\u0105 odpowiedzialno\u015b\u0107 za bezpiecze\u0144stwo jachtu i \u017cycie&#8230;<\/p>\n","protected":false},"author":1,"featured_media":0,"parent":0,"menu_order":0,"comment_status":"closed","ping_status":"closed","template":"page-landing.php","meta":{"inline_featured_image":false},"acf":[],"_links":{"self":[{"href":"https:\/\/captainandy.co\/pl\/wp-json\/wp\/v2\/pages\/2477"}],"collection":[{"href":"https:\/\/captainandy.co\/pl\/wp-json\/wp\/v2\/pages"}],"about":[{"href":"https:\/\/captainandy.co\/pl\/wp-json\/wp\/v2\/types\/page"}],"author":[{"embeddable":true,"href":"https:\/\/captainandy.co\/pl\/wp-json\/wp\/v2\/users\/1"}],"replies":[{"embeddable":true,"href":"https:\/\/captainandy.co\/pl\/wp-json\/wp\/v2\/comments?post=2477"}],"version-history":[{"count":57,"href":"https:\/\/captainandy.co\/pl\/wp-json\/wp\/v2\/pages\/2477\/revisions"}],"predecessor-version":[{"id":3829,"href":"https:\/\/captainandy.co\/pl\/wp-json\/wp\/v2\/pages\/2477\/revisions\/3829"}],"wp:attachment":[{"href":"https:\/\/captainandy.co\/pl\/wp-json\/wp\/v2\/media?parent=2477"}],"curies":[{"name":"wp","href":"https:\/\/api.w.org\/{rel}","templated":true}]}}