{"id":2565,"date":"2022-02-08T18:35:47","date_gmt":"2022-02-08T17:35:47","guid":{"rendered":"https:\/\/captainandy.co\/?page_id=2565"},"modified":"2022-03-08T18:44:40","modified_gmt":"2022-03-08T17:44:40","slug":"rejsy-morskie","status":"publish","type":"page","link":"https:\/\/captainandy.co\/pl\/rejsy-morskie\/","title":{"rendered":"Rejsy morskie"},"content":{"rendered":"\n<h3 id=\"rejsy-morskie\">Rejsy morskie<\/h3>\n\n\n\n<p>Istnieje mo\u017cliwo\u015b\u0107 um\u00f3wienia si\u0119 na indywidualne rejsy turystyczne, b\u0105d\u017a firmowe sesje budowania zespo\u0142u, dzi\u0119ki wykorzystaniu \u015brodowiska morskiego.<\/p>\n\n\n\n<h3 id=\"akweny\">Akweny<\/h3>\n\n\n\n<p>Ca\u0142y \u015awiat stoi przed nami otwarty. Morze \u015ar\u00f3dziemne wiosn\u0105, latem czy jesieni\u0105 to doskona\u0142y wyb\u00f3r. Zima daje mo\u017cliwo\u015bci \u017ceglowania na Karaibach, na Seszelach czy w Tajlandii.<\/p>\n\n\n\n<h3 id=\"jachty\">Jachty<\/h3>\n\n\n\n<p>Do dyspozycji go\u015bci pozostaj\u0105 zar\u00f3wno wygodne i szybkie jachty jednokad\u0142ubowe, jak i katamarany.<\/p>\n\n\n\n<p><\/p>\n\n\n\n<p>Prosimy o bezpo\u015bredni kontakt w celu przedstawienia i uzgodnienia szczeg\u00f3\u0142\u00f3w.<\/p>\n\n\n\n<figure class=\"wp-block-video\"><video controls src=\"https:\/\/captainandy.co\/wp-content\/uploads\/2022\/03\/Katamaran-catmaran-charter-1.mov\"><\/video><\/figure>\n","protected":false},"excerpt":{"rendered":"<p>Rejsy morskie Istnieje mo\u017cliwo\u015b\u0107 um\u00f3wienia si\u0119 na indywidualne rejsy turystyczne, b\u0105d\u017a firmowe sesje budowania zespo\u0142u, dzi\u0119ki wykorzystaniu \u015brodowiska morskiego. Akweny Ca\u0142y \u015awiat stoi przed nami otwarty. Morze \u015ar\u00f3dziemne wiosn\u0105, latem czy jesieni\u0105 to doskona\u0142y wyb\u00f3r. Zima daje mo\u017cliwo\u015bci \u017ceglowania na&#8230;<\/p>\n","protected":false},"author":1,"featured_media":0,"parent":0,"menu_order":0,"comment_status":"closed","ping_status":"closed","template":"page-landing.php","meta":{"inline_featured_image":false},"acf":[],"_links":{"self":[{"href":"https:\/\/captainandy.co\/pl\/wp-json\/wp\/v2\/pages\/2565"}],"collection":[{"href":"https:\/\/captainandy.co\/pl\/wp-json\/wp\/v2\/pages"}],"about":[{"href":"https:\/\/captainandy.co\/pl\/wp-json\/wp\/v2\/types\/page"}],"author":[{"embeddable":true,"href":"https:\/\/captainandy.co\/pl\/wp-json\/wp\/v2\/users\/1"}],"replies":[{"embeddable":true,"href":"https:\/\/captainandy.co\/pl\/wp-json\/wp\/v2\/comments?post=2565"}],"version-history":[{"count":13,"href":"https:\/\/captainandy.co\/pl\/wp-json\/wp\/v2\/pages\/2565\/revisions"}],"predecessor-version":[{"id":3380,"href":"https:\/\/captainandy.co\/pl\/wp-json\/wp\/v2\/pages\/2565\/revisions\/3380"}],"wp:attachment":[{"href":"https:\/\/captainandy.co\/pl\/wp-json\/wp\/v2\/media?parent=2565"}],"curies":[{"name":"wp","href":"https:\/\/api.w.org\/{rel}","templated":true}]}}