{"id":2570,"date":"2022-02-09T20:45:29","date_gmt":"2022-02-09T19:45:29","guid":{"rendered":"https:\/\/captainandy.co\/?page_id=2570"},"modified":"2022-03-08T19:01:21","modified_gmt":"2022-03-08T18:01:21","slug":"o-mnie","status":"publish","type":"page","link":"https:\/\/captainandy.co\/pl\/o-mnie\/","title":{"rendered":"CAPTAIN ANDY"},"content":{"rendered":"\n<figure class=\"wp-block-video\"><video autoplay controls loop muted src=\"https:\/\/captainandy.co\/wp-content\/uploads\/2022\/03\/CAPTAIN-ANDY-STORM-TESTED-Instagram-1.mp4\"><\/video><\/figure>\n\n\n\n<h3 id=\"kapitan\">Kapitan<\/h3>\n\n\n\n<p>Charyzmatyczny CAPTAIN ANDY, Andrzej Jankowski,&nbsp;\u017ceglarz, pisarz, podr\u00f3\u017cnik i mi\u0142o\u015bnik \u017cycia.&nbsp;Absolwent uniwersytet\u00f3w Oksfordzkiego&nbsp;i Warszawskiego. Aktywny uczestnik przemian&nbsp;w Polsce i Europie. W przesz\u0142o\u015bci&nbsp;rzecznik podziemnego Niezale\u017cnego&nbsp;Zrzeszenia Student\u00f3w UW i jego szef w Instytucie&nbsp;Dziennikarstwa, cz\u0142onek Komisji&nbsp;Uczelnianej i uczestnik strajk\u00f3w. Pracownik&nbsp;biura prasowego Solidarno\u015bci podczas&nbsp;obrad Okr\u0105g\u0142ego Sto\u0142u. Po wyborze Lecha&nbsp;Wa\u0142\u0119sy na Prezydenta RP wsp\u00f3\u0142tw\u00f3rca biura prasowego, a nast\u0119pnie Szef Protoko\u0142u.&nbsp;Odpowiedzialny m.in. za wizyty zagraniczne&nbsp;g\u0142owy pa\u0144stwa w Stanach Zjednoczonych,&nbsp;Rosji, Egipcie, Hiszpanii i Niemczech.&nbsp;Wiceszef i szef gabinetu Ministra Spraw&nbsp;Zagranicznych. By\u0142y dyplomata. Ambasador \u017bycia.<\/p>\n\n\n\n<h3 id=\"rejs\">Rejs<\/h3>\n\n\n\n<p>Przygotowania do morskiej podr\u00f3\u017cy trwa\u0142y kilkana\u015bcie lat. Sk\u0142ada\u0142y si\u0119 na nie wspania\u0142e, lecz czasem ekstremalnie ci\u0119\u017ckie rejsy na zimnym Ba\u0142tyku, sztormowym Morzu P\u00f3\u0142nocnym i ciep\u0142ym Morzu \u015ar\u00f3dziemnym. Ta przygoda zawiod\u0142a go na kra\u0144ce Ziemi, po wiecznie skuty lodowcami Spitsbergen, tropikalne Karaiby, rajskie Seszele, czy orientaln\u0105 Tajlandi\u0119. \u015awiat sta\u0142 si\u0119 jego domem, a on obywatelem \u015awiata.<\/p>\n\n\n\n<p>Zosta\u0142 te\u017c kapitanem presti\u017cowego, brytyjskiego Royal Yachting Association i w\u0142a\u015bcicielem niezwyk\u0142ego jachtu \u017caglowego Malena, HR352, zbudowanego w jednej z najlepszych stoczni \u015bwiata Hallberg-Rassy.<\/p>\n\n\n\n<p>Obecnie oboje, kapitan i jacht, w nieprzerwanej, niezaplanowanej i najwolniejszej morskiej podr\u00f3\u017cy, bez obowi\u0105zk\u00f3w i termin\u00f3w. Inspiruj\u0105cy Ambasador \u017bycia. Zapytany o najbli\u017csze plany odpowiada: <em>&#8220;Napij\u0119 si\u0119 espresso i napisz\u0119 kilka akapit\u00f3w do nowej ksi\u0105\u017cki. P\u00f3\u017aniej zjem pyszny lunch, pooddycham g\u0142\u0119boko podczas k\u0105pieli w morskiej wodzie i sprawdz\u0119 prognoz\u0119 pogody. Nic innego nie musz\u0119.&#8221;<\/em><\/p>\n\n\n\n<figure class=\"wp-block-image size-full\"><img loading=\"lazy\" width=\"1011\" height=\"397\" src=\"https:\/\/captainandy.co\/wp-content\/uploads\/2022\/03\/2114798F-DA70-4D20-9F1C-E99D1A2D8425_1_201_a-1.jpeg\" alt=\"\" class=\"wp-image-3397\" srcset=\"https:\/\/captainandy.co\/wp-content\/uploads\/2022\/03\/2114798F-DA70-4D20-9F1C-E99D1A2D8425_1_201_a-1.jpeg 1011w, https:\/\/captainandy.co\/wp-content\/uploads\/2022\/03\/2114798F-DA70-4D20-9F1C-E99D1A2D8425_1_201_a-1-300x118.jpeg 300w, https:\/\/captainandy.co\/wp-content\/uploads\/2022\/03\/2114798F-DA70-4D20-9F1C-E99D1A2D8425_1_201_a-1-768x302.jpeg 768w, https:\/\/captainandy.co\/wp-content\/uploads\/2022\/03\/2114798F-DA70-4D20-9F1C-E99D1A2D8425_1_201_a-1-600x236.jpeg 600w\" sizes=\"(max-width: 1011px) 100vw, 1011px\" \/><\/figure>\n\n\n\n<figure class=\"wp-block-embed is-type-rich is-provider-spotify wp-block-embed-spotify wp-embed-aspect-21-9 wp-has-aspect-ratio\"><div class=\"wp-block-embed__wrapper\">\n<iframe loading=\"lazy\" title=\"Spotify Embed: ZAWODOWCY#040 - Captain Andy | Andrzej Jankowski - Nazywam si\u0119 \u017cycie\" style=\"border-radius: 12px\" width=\"100%\" height=\"152\" frameborder=\"0\" allowfullscreen allow=\"autoplay; clipboard-write; encrypted-media; fullscreen; picture-in-picture\" src=\"https:\/\/open.spotify.com\/embed\/episode\/6r3MCkGk24sXemV80aWdwS?si=6be2c18690ef4b7e&#038;utm_source=oembed\"><\/iframe>\n<\/div><\/figure>\n\n\n\n<h3 id=\"captain-andy\">CAPTAIN ANDY<\/h3>\n\n\n\n<p>&#8220;Wszystko zaczyna si\u0119 od jednego g\u0142\u0119bokiego marzenia&#8221; <\/p>\n","protected":false},"excerpt":{"rendered":"<p>Kapitan Charyzmatyczny CAPTAIN ANDY, Andrzej Jankowski,&nbsp;\u017ceglarz, pisarz, podr\u00f3\u017cnik i mi\u0142o\u015bnik \u017cycia.&nbsp;Absolwent uniwersytet\u00f3w Oksfordzkiego&nbsp;i Warszawskiego. Aktywny uczestnik przemian&nbsp;w Polsce i Europie. W przesz\u0142o\u015bci&nbsp;rzecznik podziemnego Niezale\u017cnego&nbsp;Zrzeszenia Student\u00f3w UW i jego szef w Instytucie&nbsp;Dziennikarstwa, cz\u0142onek Komisji&nbsp;Uczelnianej i uczestnik strajk\u00f3w. Pracownik&nbsp;biura prasowego Solidarno\u015bci podczas&nbsp;obrad&#8230;<\/p>\n","protected":false},"author":1,"featured_media":0,"parent":0,"menu_order":0,"comment_status":"closed","ping_status":"closed","template":"page-landing.php","meta":{"inline_featured_image":false},"acf":[],"_links":{"self":[{"href":"https:\/\/captainandy.co\/pl\/wp-json\/wp\/v2\/pages\/2570"}],"collection":[{"href":"https:\/\/captainandy.co\/pl\/wp-json\/wp\/v2\/pages"}],"about":[{"href":"https:\/\/captainandy.co\/pl\/wp-json\/wp\/v2\/types\/page"}],"author":[{"embeddable":true,"href":"https:\/\/captainandy.co\/pl\/wp-json\/wp\/v2\/users\/1"}],"replies":[{"embeddable":true,"href":"https:\/\/captainandy.co\/pl\/wp-json\/wp\/v2\/comments?post=2570"}],"version-history":[{"count":23,"href":"https:\/\/captainandy.co\/pl\/wp-json\/wp\/v2\/pages\/2570\/revisions"}],"predecessor-version":[{"id":3401,"href":"https:\/\/captainandy.co\/pl\/wp-json\/wp\/v2\/pages\/2570\/revisions\/3401"}],"wp:attachment":[{"href":"https:\/\/captainandy.co\/pl\/wp-json\/wp\/v2\/media?parent=2570"}],"curies":[{"name":"wp","href":"https:\/\/api.w.org\/{rel}","templated":true}]}}