{"id":2451,"date":"2022-02-07T07:56:51","date_gmt":"2022-02-07T06:56:51","guid":{"rendered":"https:\/\/captainandy.co\/?post_type=product&#038;p=2451"},"modified":"2022-03-19T12:13:34","modified_gmt":"2022-03-19T11:13:34","slug":"nazywam-sie-zycie-audiobook","status":"publish","type":"product","link":"https:\/\/captainandy.co\/pl\/produkt\/nazywam-sie-zycie-audiobook\/","title":{"rendered":"Audiobook &#8220;Nazywam si\u0119 \u017bYCIE&#8221;"},"content":{"rendered":"<p>Ksi\u0105\u017ck\u0119 &#8220;Nazywam si\u0119 \u017bycie&#8221; CAPTAIN ANDY czyta autor Andrzej Jankowski.<\/p>\n","protected":false},"excerpt":{"rendered":"<p>Ksi\u0105\u017ck\u0119 &#8220;Nazywam si\u0119 \u017bycie&#8221; CAPTAIN ANDY czyta autor Andrzej Jankowski.<\/p>\n","protected":false},"featured_media":2470,"comment_status":"open","ping_status":"closed","template":"","meta":{"inline_featured_image":false},"product_cat":[105,106],"product_tag":[],"acf":[],"_links":{"self":[{"href":"https:\/\/captainandy.co\/pl\/wp-json\/wp\/v2\/product\/2451"}],"collection":[{"href":"https:\/\/captainandy.co\/pl\/wp-json\/wp\/v2\/product"}],"about":[{"href":"https:\/\/captainandy.co\/pl\/wp-json\/wp\/v2\/types\/product"}],"replies":[{"embeddable":true,"href":"https:\/\/captainandy.co\/pl\/wp-json\/wp\/v2\/comments?post=2451"}],"wp:featuredmedia":[{"embeddable":true,"href":"https:\/\/captainandy.co\/pl\/wp-json\/wp\/v2\/media\/2470"}],"wp:attachment":[{"href":"https:\/\/captainandy.co\/pl\/wp-json\/wp\/v2\/media?parent=2451"}],"wp:term":[{"taxonomy":"product_cat","embeddable":true,"href":"https:\/\/captainandy.co\/pl\/wp-json\/wp\/v2\/product_cat?post=2451"},{"taxonomy":"product_tag","embeddable":true,"href":"https:\/\/captainandy.co\/pl\/wp-json\/wp\/v2\/product_tag?post=2451"}],"curies":[{"name":"wp","href":"https:\/\/api.w.org\/{rel}","templated":true}]}}