{"id":2856,"date":"2022-02-21T19:39:10","date_gmt":"2022-02-21T18:39:10","guid":{"rendered":"https:\/\/captainandy.co\/?post_type=product&#038;p=2856"},"modified":"2025-05-12T09:41:24","modified_gmt":"2025-05-12T07:41:24","slug":"ksiazka-my-name-is-life","status":"publish","type":"product","link":"https:\/\/captainandy.co\/pl\/produkt\/ksiazka-my-name-is-life\/","title":{"rendered":"Ksi\u0105\u017cka &#8220;My name is LIFE&#8221;"},"content":{"rendered":"<header class=\"entry-header\">\n<h3 class=\"entry-title\">O ksi\u0105\u017cce<\/h3>\n<\/header>\n<div class=\"entry-content\">\n<p>Pasjonuj\u0105ca historia cz\u0142owieka, kt\u00f3ry spe\u0142nia swoje marzenia. Ca\u0142kowicie autentyczna, cho\u0107 czasem wr\u0119cz niewiarygodna opowie\u015b\u0107 o ch\u0142opaku z warszawskiej ulicy Chmielnej, kt\u00f3ry wyrusza w podr\u00f3\u017c przez \u017cycie. Staje si\u0119 \u015bwiadkiem i aktywnym uczestnikiem wydarze\u0144 prowadz\u0105cych do upadku komunizmu i poszerzania wolno\u015bci. Jego ksi\u0105\u017cka nie jest jednak autobiografi\u0105 \u2013 opowiada przede wszystkim o rado\u015bci istnienia. Opisuje prawdziwe historie cz\u0142owieka spe\u0142nionego. Inspiruje i zach\u0119ca do tego, \u017ceby \u017cy\u0107, a nie tylko egzystowa\u0107. Autorowi przychodzi to z \u0142atwo\u015bci\u0105 \u2013 jest marzycielem, kt\u00f3ry potrafi swoje marzenia spe\u0142nia\u0107. Dzi\u0119ki temu i my mo\u017cemy wyruszy\u0107 w nieko\u0144cz\u0105c\u0105 si\u0119 podr\u00f3\u017c dooko\u0142a \u015bwiata.<\/p>\n<p>Z pok\u0142adu jego jachtu wiele spraw wida\u0107 lepiej i wyra\u017aniej, wszak morze, ocean to przestrze\u0144 nieograniczona ziemskimi troskami i zasadami. Mo\u017ce w\u0142a\u015bnie dlatego potrafi si\u0119 tak intensywnie cieszy\u0107 wspania\u0142o\u015bci\u0105 \u015bwiata. Pisze: \u201eJak wielkim cudem jest byt pojedynczego cz\u0142owieka i jak\u0105 tajemnic\u0105 jeste\u015bmy my \u2013 ludzie, zwierz\u0119ta, czy ro\u015bliny, a nawet planety i gwiazdy. Wszystko jest \u017cyciem, a my jego wspania\u0142\u0105 cz\u0119\u015bci\u0105\u201d.<\/p>\n<p>Ta przygoda zacz\u0119\u0142a si\u0119 \u201eod jednego g\u0142\u0119bokiego marzenia, kt\u00f3re cho\u0107 raz \u017cyciu mamy niemal wszyscy\u201d. On potrafi\u0142 zmieni\u0107 swoje marzenia w rzeczywisto\u015b\u0107, a my\u015blenie \u2013 w dzia\u0142anie. Ale czy nie jest za p\u00f3\u017ano na realizacj\u0119 naszych marze\u0144? Po przeczytaniu tej ksi\u0105\u017cki odpowied\u017a na to wa\u017cne pytanie jest du\u017co \u0142atwiejsza.<\/p>\n<\/div>\n","protected":false},"excerpt":{"rendered":"<p>\u201eMy name is LIFE\u201d CAPTAIN ANDY<br \/>\nKsi\u0105\u017cka w twardej, lakierowanej oprawie z obwolut\u0105. Szyte 296 stron. Zak\u0142adka tasiemka. Ka\u017cdy egzemplarz zafoliowany.<\/p>\n<p>ISBN:\u00a0978-83-952560-<span class=\"bold\">0<\/span>-4<br \/>\nWymiary: 24,5 x 17 x 2,5 cm<br \/>\nWaga: 0,7 kg<\/p>\n","protected":false},"featured_media":3533,"comment_status":"open","ping_status":"closed","template":"","meta":{"inline_featured_image":false},"product_cat":[41],"product_tag":[],"acf":[],"_links":{"self":[{"href":"https:\/\/captainandy.co\/pl\/wp-json\/wp\/v2\/product\/2856"}],"collection":[{"href":"https:\/\/captainandy.co\/pl\/wp-json\/wp\/v2\/product"}],"about":[{"href":"https:\/\/captainandy.co\/pl\/wp-json\/wp\/v2\/types\/product"}],"replies":[{"embeddable":true,"href":"https:\/\/captainandy.co\/pl\/wp-json\/wp\/v2\/comments?post=2856"}],"wp:featuredmedia":[{"embeddable":true,"href":"https:\/\/captainandy.co\/pl\/wp-json\/wp\/v2\/media\/3533"}],"wp:attachment":[{"href":"https:\/\/captainandy.co\/pl\/wp-json\/wp\/v2\/media?parent=2856"}],"wp:term":[{"taxonomy":"product_cat","embeddable":true,"href":"https:\/\/captainandy.co\/pl\/wp-json\/wp\/v2\/product_cat?post=2856"},{"taxonomy":"product_tag","embeddable":true,"href":"https:\/\/captainandy.co\/pl\/wp-json\/wp\/v2\/product_tag?post=2856"}],"curies":[{"name":"wp","href":"https:\/\/api.w.org\/{rel}","templated":true}]}}